{"id":30,"date":"2022-09-26T22:55:04","date_gmt":"2022-09-26T22:55:04","guid":{"rendered":"http:\/\/www.gelisimevreni.com\/?page_id=30"},"modified":"2025-05-07T11:58:01","modified_gmt":"2025-05-07T11:58:01","slug":"anasayfa","status":"publish","type":"page","link":"http:\/\/www.gelisimevreni.com\/index.php\/anasayfa\/","title":{"rendered":""},"content":{"rendered":"\n<p>Mersin&#8217;de 9 y\u0131ll\u0131k tecr\u00fcbe ile ergoterapi hizmeti veren \u0130LK merkez<\/p>\n","protected":false},"excerpt":{"rendered":"<p>Mersin&#8217;de 9 y\u0131ll\u0131k tecr\u00fcbe ile ergoterapi hizmeti veren \u0130LK merkez<\/p>\n","protected":false},"author":1,"featured_media":0,"parent":0,"menu_order":0,"comment_status":"closed","ping_status":"closed","template":"","meta":{"om_disable_all_campaigns":false,"_monsterinsights_skip_tracking":false,"_monsterinsights_sitenote_active":false,"_monsterinsights_sitenote_note":"","_monsterinsights_sitenote_category":0,"footnotes":""},"class_list":["post-30","page","type-page","status-publish","hentry"],"aioseo_notices":[],"_links":{"self":[{"href":"http:\/\/www.gelisimevreni.com\/index.php\/wp-json\/wp\/v2\/pages\/30","targetHints":{"allow":["GET"]}}],"collection":[{"href":"http:\/\/www.gelisimevreni.com\/index.php\/wp-json\/wp\/v2\/pages"}],"about":[{"href":"http:\/\/www.gelisimevreni.com\/index.php\/wp-json\/wp\/v2\/types\/page"}],"author":[{"embeddable":true,"href":"http:\/\/www.gelisimevreni.com\/index.php\/wp-json\/wp\/v2\/users\/1"}],"replies":[{"embeddable":true,"href":"http:\/\/www.gelisimevreni.com\/index.php\/wp-json\/wp\/v2\/comments?post=30"}],"version-history":[{"count":5,"href":"http:\/\/www.gelisimevreni.com\/index.php\/wp-json\/wp\/v2\/pages\/30\/revisions"}],"predecessor-version":[{"id":154,"href":"http:\/\/www.gelisimevreni.com\/index.php\/wp-json\/wp\/v2\/pages\/30\/revisions\/154"}],"wp:attachment":[{"href":"http:\/\/www.gelisimevreni.com\/index.php\/wp-json\/wp\/v2\/media?parent=30"}],"curies":[{"name":"wp","href":"https:\/\/api.w.org\/{rel}","templated":true}]}}