{"id":38,"date":"2022-09-26T22:58:07","date_gmt":"2022-09-26T22:58:07","guid":{"rendered":"http:\/\/www.gelisimevreni.com\/?page_id=38"},"modified":"2025-11-17T10:22:43","modified_gmt":"2025-11-17T10:22:43","slug":"iletisim","status":"publish","type":"page","link":"http:\/\/www.gelisimevreni.com\/index.php\/iletisim\/","title":{"rendered":"\u0130LET\u0130\u015e\u0130M"},"content":{"rendered":"\n<p><strong>Adres:<\/strong> Barbaros Mahallesi H\u00fcseyin Okan Merzeci Bulvar\u0131 No:625 Ladin Konfor B Blok Kat:2 D:1 Yeni\u015fehir\/ MERS\u0130N (Greenvet Veteriner Klinik \u00dcst\u00fc)<\/p>\n\n\n\n<p><strong>Telefon:<\/strong> 0553 935 95 93<\/p>\n\n\n\n<p><strong>Mail:<\/strong> gelisimevreni.dm@gmail.com<\/p>\n\n\n\n<p><strong>Instagram:<\/strong> <a href=\"https:\/\/www.instagram.com\/gelisim.evreni\/\" target=\"_blank\" rel=\"noopener\" title=\"\">https:\/\/www.instagram.com\/gelisim.evreni\/<\/a><\/p>\n\n\n<div class=\"wp-block-image\">\n<figure class=\"aligncenter size-large is-resized\"><img loading=\"lazy\" decoding=\"async\" width=\"967\" height=\"1024\" src=\"http:\/\/www.gelisimevreni.com\/wp-content\/uploads\/2025\/08\/WhatsApp-Image-2025-08-05-at-11.57.17-967x1024.jpeg\" alt=\"\" class=\"wp-image-166\" style=\"width:353px;height:374px\" srcset=\"http:\/\/www.gelisimevreni.com\/wp-content\/uploads\/2025\/08\/WhatsApp-Image-2025-08-05-at-11.57.17-967x1024.jpeg 967w, http:\/\/www.gelisimevreni.com\/wp-content\/uploads\/2025\/08\/WhatsApp-Image-2025-08-05-at-11.57.17-283x300.jpeg 283w, http:\/\/www.gelisimevreni.com\/wp-content\/uploads\/2025\/08\/WhatsApp-Image-2025-08-05-at-11.57.17-768x813.jpeg 768w, http:\/\/www.gelisimevreni.com\/wp-content\/uploads\/2025\/08\/WhatsApp-Image-2025-08-05-at-11.57.17.jpeg 1290w\" sizes=\"auto, (max-width: 967px) 100vw, 967px\" \/><\/figure><\/div>\n\n\n<p><\/p>\n","protected":false},"excerpt":{"rendered":"<p>Adres: Barbaros Mahallesi H\u00fcseyin Okan Merzeci Bulvar\u0131 No:625 Ladin Konfor B Blok Kat:2 D:1 Yeni\u015fehir\/ MERS\u0130N (Greenvet Veteriner Klinik \u00dcst\u00fc) &hellip; <\/p>\n","protected":false},"author":1,"featured_media":0,"parent":0,"menu_order":0,"comment_status":"closed","ping_status":"closed","template":"","meta":{"om_disable_all_campaigns":false,"_monsterinsights_skip_tracking":false,"_monsterinsights_sitenote_active":false,"_monsterinsights_sitenote_note":"","_monsterinsights_sitenote_category":0,"footnotes":""},"class_list":["post-38","page","type-page","status-publish","hentry"],"aioseo_notices":[],"_links":{"self":[{"href":"http:\/\/www.gelisimevreni.com\/index.php\/wp-json\/wp\/v2\/pages\/38","targetHints":{"allow":["GET"]}}],"collection":[{"href":"http:\/\/www.gelisimevreni.com\/index.php\/wp-json\/wp\/v2\/pages"}],"about":[{"href":"http:\/\/www.gelisimevreni.com\/index.php\/wp-json\/wp\/v2\/types\/page"}],"author":[{"embeddable":true,"href":"http:\/\/www.gelisimevreni.com\/index.php\/wp-json\/wp\/v2\/users\/1"}],"replies":[{"embeddable":true,"href":"http:\/\/www.gelisimevreni.com\/index.php\/wp-json\/wp\/v2\/comments?post=38"}],"version-history":[{"count":7,"href":"http:\/\/www.gelisimevreni.com\/index.php\/wp-json\/wp\/v2\/pages\/38\/revisions"}],"predecessor-version":[{"id":217,"href":"http:\/\/www.gelisimevreni.com\/index.php\/wp-json\/wp\/v2\/pages\/38\/revisions\/217"}],"wp:attachment":[{"href":"http:\/\/www.gelisimevreni.com\/index.php\/wp-json\/wp\/v2\/media?parent=38"}],"curies":[{"name":"wp","href":"https:\/\/api.w.org\/{rel}","templated":true}]}}